{"id":232,"date":"2025-10-27T12:37:29","date_gmt":"2025-10-27T12:37:29","guid":{"rendered":"https:\/\/www.afirmacjadotykaniola.pl\/?page_id=232"},"modified":"2026-03-03T12:15:07","modified_gmt":"2026-03-03T12:15:07","slug":"kontakt","status":"publish","type":"page","link":"https:\/\/www.afirmacjadotykaniola.pl\/?page_id=232","title":{"rendered":"Kontakt"},"content":{"rendered":"<div class=\"\" style=\"\" >\n    \n    <section class=\"u-clearfix u-valign-top-md u-valign-top-sm u-valign-top-xs u-white u-section-2\" id=\"carousel_6dd3\">\n      <div class=\"u-custom-color-13 u-expanded-width u-shape u-shape-rectangle u-shape-1\" data-animation-name=\"flipIn\" data-animation-duration=\"1500\" data-animation-direction=\"X\" data-animation-delay=\"500\"><\/div>\n      <div class=\"u-shape u-shape-rectangle u-white u-shape-2\" data-animation-name=\"customAnimationIn\" data-animation-duration=\"1500\" data-animation-delay=\"500\"><\/div>\n      <img decoding=\"async\" class=\"u-image u-image-1\" src=\"https:\/\/www.afirmacjadotykaniola.pl\/wp-content\/uploads\/2025\/10\/Zrzutekranu2025-09-18093703-1.png\" data-image-width=\"448\" data-image-height=\"461\" data-animation-name=\"customAnimationIn\" data-animation-duration=\"1500\" data-animation-delay=\"500\">\n      <div class=\"u-container-align-center-sm u-container-style u-group u-shape-rectangle u-white u-group-1\" data-animation-name=\"customAnimationIn\" data-animation-duration=\"1500\" data-animation-delay=\"500\">\n        <div class=\"u-container-layout u-valign-top-md u-valign-top-sm u-container-layout-1\">\n          <h2 class=\"u-align-left u-text u-text-1\" data-animation-name=\"customAnimationIn\" data-animation-duration=\"1500\" data-animation-delay=\"750\">Skontaktuj si\u0119&nbsp;ze mn\u0105<\/h2>\n          <p class=\"u-text u-text-2\"><span style=\"font-weight: 700; font-size: 1.5rem;\">Anna Strzelewicz<\/span>\n            <br><span style=\"font-weight: 700;\">Zmiana lokalizacji<\/span> od 1 Marca 2026<br><b>ul. Stefana Kisielewskiego 18<\/b>\n            <br>59 - 300 Lubin<br>Tel. 731 - 678 - 778<br><span style=\"font-size: 1.125rem;\">email:afirmacja.dotykaniola@gmail.com<br><\/span>\n            <br>\n          <\/p>\n          <a href=\"tel:+48 731 - 678 - 778\" class=\"u-align-center-sm u-align-center-xs u-border-none u-btn u-btn-round u-button-style u-custom-color-21 u-custom-font u-font-lato u-radius-6 u-text-black u-btn-1\">ZADZWO\u0143 <\/a>\n        <\/div>\n      <\/div>\n    <\/section>\n    <section class=\"u-clearfix u-container-align-center-lg u-container-align-center-md u-container-align-center-sm u-container-align-center-xl u-grey-5 u-section-3\" id=\"sec-2010\">\n      <div class=\"u-clearfix u-sheet u-valign-middle-md u-valign-middle-sm u-valign-top-lg u-valign-top-xs u-sheet-1\">\n        <div class=\"data-layout-selected u-border-5 u-border-custom-color-15 u-clearfix u-expanded-width u-gutter-0 u-layout-spacing-horizontal u-layout-wrap u-layout-wrap-1\">\n          <div class=\"u-layout\">\n            <div class=\"u-layout-row\">\n              <div class=\"u-container-style u-custom-color-6 u-layout-cell u-right-cell u-shape-rectangle u-size-30-lg u-size-30-xl u-size-60-md u-size-60-sm u-size-60-xs u-layout-cell-1\" data-animation-name=\"customAnimationIn\" data-animation-duration=\"1500\" data-animation-delay=\"200\">\n                <div class=\"u-container-layout u-valign-middle-md u-valign-middle-sm u-container-layout-1\">\n                  <img decoding=\"async\" class=\"u-absolute-hcenter-xs u-expanded-height u-image u-image-1\" src=\"https:\/\/www.afirmacjadotykaniola.pl\/wp-content\/uploads\/2025\/10\/482301461_1101088338698467_5232863794426908762_nfb-1.jpg\" data-image-width=\"526\" data-image-height=\"526\">\n                <\/div>\n              <\/div>\n              <div class=\"u-container-style u-custom-color-13 u-layout-cell u-shape-rectangle u-size-30-lg u-size-30-xl u-size-60-md u-size-60-sm u-size-60-xs u-layout-cell-2\" data-animation-name=\"customAnimationIn\" data-animation-duration=\"1500\" data-animation-delay=\"200\">\n                <div class=\"u-container-layout u-valign-bottom-xl u-valign-top-lg u-valign-top-md u-valign-top-sm u-container-layout-2\">\n                  <h2 class=\"u-align-center u-text u-text-1\">Godziny pracy<\/h2>\n                  <div class=\"u-align-center u-border-4 u-border-custom-color-9 u-line u-line-horizontal u-line-1\"><\/div>\n                  <p class=\"u-align-left u-custom-font u-font-lato u-text u-text-body-color u-text-2\"><span style=\"font-weight: 700;\">Poniedzia\u0142ek:<span style=\"font-weight: 400;\">&nbsp; 11.00 - 19.00<\/span><\/span>\n                    <br><span style=\"font-weight: 700;\"> Wtorek :<\/span>&nbsp; &nbsp; &nbsp;11.00 - 19.00<br><span style=\"font-weight: 700;\">\u015aroda \u200b:&nbsp;<\/span> &nbsp; &nbsp; &nbsp; &nbsp; &nbsp; 9.00 - 17.00<br><span style=\"font-weight: 700;\">Czwartek&nbsp;<\/span>:&nbsp; &nbsp; 9.00 - 17.00<br><span style=\"font-weight: 700;\">Pi\u0105tek :&nbsp;<\/span> &nbsp; &nbsp; &nbsp; &nbsp;11.00 - 19.00<br><span style=\"font-weight: 700;\">Sobota :<\/span>&nbsp; &nbsp; &nbsp; &nbsp; &nbsp; 9.00 - 17.00<br><span style=\"font-weight: 700;\">&nbsp;Niedziela i \u015bwi\u0119ta - Zamkni\u0119te&nbsp;<\/span>\n                  <\/p>\n                  <p class=\"u-align-center u-text u-text-body-color u-text-3\"> 731 - 678 - 778&nbsp;Anna Strzelewicz<\/p>\n                  <p class=\"u-align-center u-custom-font u-font-lato u-text u-text-body-color u-text-4\">Zapraszam do Mojego \u015awiata .<span style=\"font-weight: 700;\"><span style=\"font-weight: 400;\"><span style=\"font-weight: 700;\"><\/span><\/span><\/span>\n                  <\/p>\n                <\/div>\n              <\/div>\n            <\/div>\n          <\/div>\n        <\/div>\n      <\/div>\n      <style data-mode=\"XXL\">@media (max-width: 0px) {\n   .u-section-3 {\n    background-image: none;\n  }\n  .u-section-3 .u-sheet-1 {\n    min-height: 671px;\n  }\n  .u-section-3 .u-layout-wrap-1 {\n    margin-top: 60px;\n    margin-bottom: 60px;\n  }\n  .u-section-3 .u-layout-cell-2 {\n    min-height: 581px;\n    --animation-custom_in-translate_x: -300px;\n    --animation-custom_in-translate_y: 0px;\n    --animation-custom_in-opacity: 0;\n    --animation-custom_in-rotate: 0deg;\n    --animation-custom_in-scale: 1;\n  }\n  .u-section-3 .u-container-layout-2 {\n    padding-top: 30px;\n    padding-right: 30px;\n    padding-bottom: 30px;\n    padding-left: 0;\n  }\n  .u-block-9f70-6 {\n    margin-top: 0;\n    margin-bottom: 0;\n    margin-left: 0;\n    margin-right: 0;\n  }\n  .u-section-3 .u-text-1 {\n    margin-top: 20px;\n    margin-right: 1px;\n    margin-bottom: 0;\n    margin-left: 0;\n  }\n  .u-section-3 .u-line-1 {\n    width: 108px;\n    height: 3px;\n    transform-origin: left center 0px;\n    margin-top: 20px;\n    margin-right: auto;\n    margin-bottom: 0;\n    margin-left: 0;\n  }\n  .u-block-9f70-9 {\n    margin-top: 30px;\n    margin-right: 1px;\n    margin-bottom: 0;\n    margin-left: 0;\n  }\n  .u-block-9f70-15 {\n    background-image: none;\n    padding-top: 0;\n    padding-bottom: 0;\n    padding-left: 0;\n    padding-right: 0;\n  }\n  .u-block-9f70-10 {\n    font-size: 1rem;\n    letter-spacing: 2px;\n    text-transform: uppercase;\n    font-weight: 700;\n    --animation-custom_in-translate_x: 300px;\n    --animation-custom_in-translate_y: 0px;\n    margin-top: 30px;\n    margin-right: auto;\n    margin-bottom: 0;\n    margin-left: 0;\n    padding-top: 18px;\n    padding-right: 73px;\n    padding-bottom: 18px;\n    padding-left: 71px;\n  }\n  .u-section-3 .u-layout-cell-1 {\n    min-height: 581px;\n    background-position: 50% 50%;\n    background-repeat: no-repeat;\n    background-image: url(\"https:\/\/www.afirmacjadotykaniola.pl\/wp-content\/uploads\/2025\/10\/serious-man-while-shaving-him5-1.jpg\");\n    background-size: cover;\n    --animation-custom_in-translate_x: 300px;\n    --animation-custom_in-translate_y: 0px;\n    --animation-custom_in-opacity: 0;\n    --animation-custom_in-rotate: 0deg;\n    --animation-custom_in-scale: 1;\n  }\n  .u-section-3 .u-container-layout-1 {\n    padding-top: 30px;\n    padding-bottom: 30px;\n    padding-left: 30px;\n    padding-right: 30px;\n  }\n}<\/style>\n    <\/section>\n    <section class=\"u-clearfix u-custom-color-7 u-section-4\" id=\"block-1\">\n      <div class=\"u-clearfix u-sheet u-valign-bottom-lg u-valign-top-sm u-sheet-1\">\n        <div class=\"data-layout-selected u-border-5 u-border-custom-color-15 u-clearfix u-expanded-width u-gutter-0 u-layout-wrap u-layout-wrap-1\">\n          <div class=\"u-gutter-0 u-layout\">\n            <div class=\"u-layout-row\">\n              <div class=\"u-size-30-xl u-size-31-lg u-size-31-md u-size-31-sm u-size-31-xs\" style=\"min-height: 0px;\">\n                <div class=\"u-layout-col\">\n                  <div class=\"u-container-style u-custom-color-13 u-layout-cell u-left-cell u-size-30 u-layout-cell-1\">\n                    <div class=\"u-container-layout u-container-layout-1\">\n                      <p class=\"u-align-center u-custom-font u-heading-font u-text u-text-1\">Af<span style=\"font-weight: 700;\"><span style=\"font-weight: 400;\"><\/span><\/span>irmacja&nbsp;<br> DOTYK ANIO\u0141A&nbsp;<br>Beauty&nbsp;<span style=\"font-weight: 400;\">&amp;<\/span> Spa \n                      <\/p>\n                      <p class=\"u-align-center u-custom-font u-font-lato u-text u-text-black u-text-2\"><span style=\"font-weight: 700;\">Zmiana lokalizacji<\/span> od 1 Marca 2026<br>ul.<span style=\"font-weight: 700;\"><b>Stefana Kisielewskiego 18<\/b><\/span>\n                        <br>59 - 300 Lubin<br>Tel. \u200b731 - 678 - 778 \n                      <\/p>\n                    <\/div>\n                  <\/div>\n                  <div class=\"u-align-center u-container-align-center u-container-style u-custom-color-13 u-layout-cell u-left-cell u-size-30 u-layout-cell-2\">\n                    <div class=\"u-container-layout u-container-layout-2\">\n                      <h2 class=\"u-text u-text-palette-1-dark-1 u-text-3\">Pod\u0105\u017ca\u200bj za nam<span class=\"u-text-palette-5-dark-1\"><\/span>i\n                      <\/h2>\n                      <p class=\"u-custom-font u-heading-font u-text u-text-4\">Facebook<\/p>\n                      <p class=\"u-custom-font u-heading-font u-text u-text-5\">Google <\/p>\n                      <p class=\"u-custom-font u-heading-font u-text u-text-6\">Booksy<\/p>\n                      <img decoding=\"async\" class=\"u-border-5 u-border-custom-color-9 u-image u-image-contain u-image-default u-preserve-proportions u-image-1\" src=\"https:\/\/www.afirmacjadotykaniola.pl\/wp-content\/uploads\/2025\/10\/gp-1.png\" alt=\"\" data-image-width=\"494\" data-image-height=\"498\">\n                      <img decoding=\"async\" class=\"u-border-5 u-border-custom-color-9 u-image u-image-contain u-image-default u-preserve-proportions u-image-2\" src=\"https:\/\/www.afirmacjadotykaniola.pl\/wp-content\/uploads\/2025\/10\/fac-1.png\" alt=\"\" data-image-width=\"479\" data-image-height=\"485\">\n                      <img decoding=\"async\" class=\"u-border-5 u-border-custom-color-9 u-image u-image-contain u-image-default u-preserve-proportions u-image-3\" src=\"https:\/\/www.afirmacjadotykaniola.pl\/wp-content\/uploads\/2025\/10\/Zrzutekranu2025-10-22100435-1.png\" alt=\"\" data-image-width=\"392\" data-image-height=\"389\">\n                    <\/div>\n                  <\/div>\n                <\/div>\n              <\/div>\n              <div class=\"u-size-29-lg u-size-29-md u-size-29-sm u-size-29-xs u-size-30-xl\" style=\"min-height: 0px;\">\n                <div class=\"u-layout-row\">\n                  <div class=\"u-container-style u-custom-color-13 u-layout-cell u-right-cell u-size-60 u-layout-cell-3\">\n                    <div class=\"u-container-layout u-container-layout-3\">\n                      <h2 class=\"u-align-center u-text u-text-palette-4-dark-1 u-text-7\">Skontaktuj si\u0119 ze mn\u0105&nbsp;<\/h2>\n                      <div class=\"custom-expanded u-align-center u-form u-form-1\">\n                        <form action=\"https:\/\/www.afirmacjadotykaniola.pl\/wp-content\/plugins\/nicepage\/templates\/form.php?id=232&formId=3ac6-block-1\" class=\"u-clearfix u-form-spacing-25 u-form-vertical u-inner-form\" source=\"customphp\">\n                          <div class=\"u-form-group u-form-name\">\n                            <label for=\"name-e4cc\" class=\"u-label\">Dane <\/label>\n                            <input type=\"text\" placeholder=\"Imi\u0119 i nazwisko\" id=\"name-e4cc\" name=\"Imi\u0119 i nazwisko\" class=\"u-border-2 u-border-no-bottom u-border-no-left u-border-no-right u-border-no-top u-border-white u-grey-5 u-input u-input-rectangle u-text-body-color\" required=\"\">\n                          <\/div>\n                          <div class=\"u-form-email u-form-group\">\n                            <label for=\"email-e4cc\" class=\"u-label\">Telefon <\/label>\n                            <input type=\"email\" placeholder=\"Numer telefonu\" id=\"email-e4cc\" name=\"Numer telefonu\" class=\"u-border-2 u-border-no-bottom u-border-no-left u-border-no-right u-border-no-top u-border-white u-grey-5 u-input u-input-rectangle u-text-body-color\" required=\"\">\n                          <\/div>\n                          <div class=\"u-form-group u-form-group-3\">\n                            <label for=\"text-79c1\" class=\"u-label\">E-mail<\/label>\n                            <input type=\"text\" placeholder=\"E-mail\" id=\"text-79c1\" name=\"E-mail\" class=\"u-border-2 u-border-no-bottom u-border-no-left u-border-no-right u-border-no-top u-border-white u-grey-5 u-input u-input-rectangle u-text-body-color\">\n                          <\/div>\n                          <div class=\"u-form-group u-form-message\">\n                            <label for=\"message-e4cc\" class=\"u-label\">Wiadom\u015b\u0107<\/label>\n                            <textarea placeholder=\"\u200bNapisz wiadomo\u015b\u0107 \" rows=\"3\" cols=\"50\" id=\"message-e4cc\" name=\"Wiadomo\u015b\u0107 \" class=\"u-border-2 u-border-no-bottom u-border-no-left u-border-no-right u-border-no-top u-border-white u-grey-5 u-input u-input-rectangle u-text-body-color\" required=\"\"><\/textarea>\n                          <\/div>\n                          <div class=\"u-align-center u-form-group u-form-submit\">\n                            <a href=\"#\" class=\"u-border-2 u-border-active-custom-color-13 u-border-custom-color-13 u-border-hover-custom-color-13 u-btn u-btn-rectangle u-btn-submit u-button-style u-custom-color-7 u-custom-font u-font-lato u-radius-0 u-text-black u-text-hover-black u-btn-1\">Wy\u015blij<\/a>\n                            <input type=\"submit\" value=\"submit\" class=\"u-form-control-hidden u-grey-5\">\n                          <\/div>\n                          <div class=\"u-form-send-message u-form-send-success\">Dzi\u0119kujemy! Twoja wiadomo\u015b\u0107 zosta\u0142a wys\u0142ana!<\/div>\n                          <div class=\"u-form-send-error u-form-send-message\">Przepraszamy, wiadomo\u015b\u0107 nie mog\u0142a zosta\u0107 wys\u0142ana. Popraw b\u0142\u0119dy i spr\u00f3buj ponownie.<\/div>\n                          <input type=\"hidden\" value=\"\" name=\"recaptchaResponse\">\n                        <\/form>\n                      <\/div>\n                    <\/div>\n                  <\/div>\n                <\/div>\n              <\/div>\n            <\/div>\n          <\/div>\n        <\/div>\n      <\/div>\n    <\/section>\n    <section class=\"u-clearfix u-custom-color-7 u-valign-bottom-lg u-valign-bottom-md u-valign-bottom-sm u-valign-bottom-xs u-section-5\" id=\"block-3\">\n      <div class=\"u-clearfix u-sheet u-sheet-1\">\n        <div class=\"data-layout-selected u-border-5 u-border-custom-color-15 u-clearfix u-expanded-width u-layout-wrap u-layout-wrap-1\">\n          <div class=\"u-layout\">\n            <div class=\"u-layout-row\">\n              <div class=\"u-align-left u-container-align-left u-container-style u-image u-layout-cell u-left-cell u-size-33 u-image-1\" data-image-width=\"1200\" data-image-height=\"960\" style=\"background-image: url(&quot;https:\/\/www.afirmacjadotykaniola.pl\/wp-content\/uploads\/2025\/10\/DSC01865-1.jpg&quot;);\">\n                <div class=\"u-container-layout u-valign-middle u-container-layout-1\"><\/div>\n              <\/div>\n              <div class=\"u-container-style u-layout-cell u-right-cell u-shape-rectangle u-size-27 u-layout-cell-2\">\n                <div class=\"u-container-layout u-container-layout-2\">\n                  <div class=\"u-expanded u-grey-light-2 u-map u-map-1\">\n                    <div class=\"embed-responsive\">\n                      <iframe class=\"embed-responsive-item\" src=\"https:\/\/maps.google.com\/maps?output=embed&amp;q=Afirmacja%20Dotyk%20Anio%C5%82a%20Anna%20Strzelewicz%20Beauty%20%26%20Spa%20Lubin&amp;t=m\" data-map=\"JTdCJTIycG9zaXRpb25UeXBlJTIyJTNBJTIybWFwLWFkZHJlc3MlMjIlMkMlMjJhZGRyZXNzJTIyJTNBJTIyQWZpcm1hY2phJTIwRG90eWslMjBBbmlvJUM1JTgyYSUyMEFubmElMjBTdHJ6ZWxld2ljeiUyMEJlYXV0eSUyMCUyNiUyMFNwYSUyMEx1YmluJTIyJTJDJTIyem9vbSUyMiUzQW51bGwlMkMlMjJ0eXBlSWQlMjIlM0ElMjJyb2FkJTIyJTJDJTIybGFuZyUyMiUzQW51bGwlMkMlMjJhcGlLZXklMjIlM0FudWxsJTJDJTIybWFya2VycyUyMiUzQSU1QiU1RCU3RA==\"><\/iframe>\n                    <\/div>\n                  <\/div>\n                <\/div>\n              <\/div>\n            <\/div>\n          <\/div>\n        <\/div>\n      <\/div>\n    <\/section>\n    \n    \n    \n  \n<\/div>","protected":false},"excerpt":{"rendered":"<p>Skontaktuj si\u0119&nbsp;ze mn\u0105 Anna Strzelewicz Zmiana lokalizacji od 1 Marca 2026ul. Stefana Kisielewskiego 18 59 &#8211; 300 LubinTel. 731 &#8211; 678 &#8211; 778email:afirmacja.dotykaniola@gmail.com ZADZWO\u0143 Godziny pracy Poniedzia\u0142ek:&nbsp; 11.00 &#8211; 19.00 Wtorek :&nbsp; &nbsp; &nbsp;11.00 &#8211; 19.00\u015aroda \u200b:&nbsp; &nbsp; &nbsp; &nbsp; &nbsp; &nbsp; 9.00 &#8211; 17.00Czwartek&nbsp;:&nbsp; &nbsp; 9.00 &#8211; 17.00Pi\u0105tek :&nbsp; &nbsp; &nbsp; &nbsp; &nbsp;11.00 &#8211; [&hellip;]<\/p>\n","protected":false},"author":1,"featured_media":0,"parent":0,"menu_order":4,"comment_status":"closed","ping_status":"closed","template":"","meta":{"footnotes":""},"class_list":["post-232","page","type-page","status-publish","hentry"],"_links":{"self":[{"href":"https:\/\/www.afirmacjadotykaniola.pl\/index.php?rest_route=\/wp\/v2\/pages\/232","targetHints":{"allow":["GET"]}}],"collection":[{"href":"https:\/\/www.afirmacjadotykaniola.pl\/index.php?rest_route=\/wp\/v2\/pages"}],"about":[{"href":"https:\/\/www.afirmacjadotykaniola.pl\/index.php?rest_route=\/wp\/v2\/types\/page"}],"author":[{"embeddable":true,"href":"https:\/\/www.afirmacjadotykaniola.pl\/index.php?rest_route=\/wp\/v2\/users\/1"}],"replies":[{"embeddable":true,"href":"https:\/\/www.afirmacjadotykaniola.pl\/index.php?rest_route=%2Fwp%2Fv2%2Fcomments&post=232"}],"version-history":[{"count":7,"href":"https:\/\/www.afirmacjadotykaniola.pl\/index.php?rest_route=\/wp\/v2\/pages\/232\/revisions"}],"predecessor-version":[{"id":512,"href":"https:\/\/www.afirmacjadotykaniola.pl\/index.php?rest_route=\/wp\/v2\/pages\/232\/revisions\/512"}],"wp:attachment":[{"href":"https:\/\/www.afirmacjadotykaniola.pl\/index.php?rest_route=%2Fwp%2Fv2%2Fmedia&parent=232"}],"curies":[{"name":"wp","href":"https:\/\/api.w.org\/{rel}","templated":true}]}}