{"id":314,"date":"2025-10-30T13:57:08","date_gmt":"2025-10-30T13:57:08","guid":{"rendered":"https:\/\/www.afirmacjadotykaniola.pl\/?page_id=314"},"modified":"2026-04-17T15:00:07","modified_gmt":"2026-04-17T15:00:07","slug":"nowosci-i-aktualnosci","status":"publish","type":"page","link":"https:\/\/www.afirmacjadotykaniola.pl\/?page_id=314","title":{"rendered":"Nowo\u015bci i Aktualno\u015bci"},"content":{"rendered":"<div class=\"\" style=\"\" >\n    \n    <section class=\"u-clearfix u-section-2\" id=\"block-10\">\n      <div class=\"u-clearfix u-sheet u-valign-top u-sheet-1\">\n        <h2 class=\"u-text u-text-default u-text-palette-2-base u-text-1\"><span style=\"font-size: 2.25rem;\">PROMOCJA NA MA<\/span><span style=\"font-size: 2.25rem;\">J <\/span>\n        <\/h2>\n        <p class=\"u-text u-text-2\">Masa\u017c Dotyk Anio\u0142a- 1,5 godziny <span class=\"u-text-palette-2-light-1\">zamiast 300z\u0142&nbsp; promocja 250z\u0142<\/span>\n        <\/p>\n        <h4 class=\"u-text u-text-3\">Lomi Lomi- 1,5 godziny -<span class=\"u-text-palette-2-light-1\"><span style=\"font-weight: 400;\"><span style=\"font-weight: 700;\">zamiast 350z\u0142 promocja 300z<\/span><span style=\"font-weight: 700;\">\u0142<\/span><\/span><\/span>( TYLKO DLA KOBIET)\n        <\/h4>\n        <h4 class=\"u-text u-text-4\">Masa\u017c gor\u0105c\u0105 czekolad\u0105&nbsp; choco loko peeling i masa\u017c 1,5 godziny - <span class=\"u-text-palette-2-light-1\">zamiast 370z\u0142 -300<\/span>\n        <\/h4>\n      <\/div>\n    <\/section>\n    <section class=\"u-clearfix u-section-3\" id=\"block-9\">\n      <div class=\"u-clearfix u-sheet u-valign-middle-lg u-valign-middle-md u-valign-middle-sm u-valign-middle-xs u-sheet-1\">\n        <h3 class=\"u-text u-text-default u-text-palette-2-base u-text-1\"><span style=\"font-weight: 700;\">Promocje na kwiecie\u0144<\/span>\n        <\/h3>\n        <img decoding=\"async\" class=\"u-image u-image-default u-image-1\" src=\"https:\/\/www.afirmacjadotykaniola.pl\/wp-content\/uploads\/2026\/01\/maderoterapia_modelowanie_ujedrnianie_wygladzanie_ciala_masaz_calma_krakow_04.jpg\" alt=\"\" data-image-width=\"1024\" data-image-height=\"683\">\n        <h1 class=\"u-text u-text-default u-text-2\">Maderoterapia <br>\n        <\/h1>\n        <h5 class=\"u-text u-text-grey-60 u-text-3\">260z\u0142 promocja 20\u200b0z\u0142 <\/h5>\n        <img decoding=\"async\" class=\"u-image u-image-default u-image-2\" src=\"https:\/\/www.afirmacjadotykaniola.pl\/wp-content\/uploads\/2025\/10\/ssautterstock_1482443063-1.jpg\" alt=\"\" data-image-width=\"1300\" data-image-height=\"867\">\n        <h3 class=\"u-text u-text-default u-text-4\"><span style=\"font-weight: 700;\">Kobido Body<\/span>\n        <\/h3>\n        <h5 class=\"u-text u-text-palette-3-dark-1 u-text-5\">350z\u0142 promocja 300z\u0142<\/h5>\n        <img decoding=\"async\" class=\"u-image u-image-default u-preserve-proportions u-image-3\" src=\"https:\/\/www.afirmacjadotykaniola.pl\/wp-content\/uploads\/2025\/10\/Zrzutekranu2025-09-18101222.png\" alt=\"\" data-image-width=\"253\" data-image-height=\"177\">\n        <h4 class=\"u-text u-text-default u-text-6\">W\u0119glowe oczyszczanie twarzy<\/h4>\n        <h5 class=\"u-text u-text-palette-2-dark-1 u-text-7\">450z\u0142 promocja 400z\u0142<\/h5>\n      <\/div>\n    <\/section>\n    <section class=\"u-clearfix u-valign-top-lg u-valign-top-md u-valign-top-sm u-valign-top-xs u-section-4\" id=\"block-8\">\n      <div class=\"u-clearfix u-sheet u-sheet-1\">\n        <p class=\"u-text u-text-1\">&#x1f33f;&#x1f423; **Weso\u0142ych \u015awi\u0105t Wielkanocnych!** &#x1f423;&#x1f33f;<br> Z okazji \u015awi\u0105t Wielkanocnych\n\u017cyczymy Wam spokoju, rado\u015bci i chwili wytchnienia od codzienno\u015bci.<br> Niech ten wyj\u0105tkowy czas nape\u0142ni Wasze serca nadziej\u0105, harmoni\u0105 i pozytywn\u0105 energi\u0105.<br>&#x1f338;\nDzi\u0119kujemy, \u017ce jeste\u015bcie z nami &#x1f90d; <br>To dla Was tworzymy miejsce pe\u0142ne relaksu, pi\u0119kna i dobrego samopoczucia. <br> Niech te \u015awi\u0119ta b\u0119d\u0105 pe\u0142ne ciep\u0142a, mi\u0142o\u015bci i u\u015bmiechu \u2013\na wiosna przyniesie now\u0105 energi\u0119 i spe\u0142nienie marze\u0144 &#x1f337;<br> Z serdecznymi pozdrowieniami, <br>Afirmacja Dotyk Anio\u0142a Anna Strzelewicz Beauty &amp; Spa \n        <\/p>\n        <img decoding=\"async\" class=\"u-image u-image-default u-image-1\" src=\"https:\/\/www.afirmacjadotykaniola.pl\/wp-content\/uploads\/2026\/04\/miniatura-strony-propozycja-1.png\" alt=\"\" data-image-width=\"1210\" data-image-height=\"742\">\n      <\/div>\n    <\/section>\n    <section class=\"u-clearfix u-section-5\" id=\"block-7\">\n      <div class=\"u-clearfix u-sheet u-valign-middle-lg u-valign-middle-md u-valign-middle-sm u-valign-middle-xs u-sheet-1\">\n        <h1 class=\"u-text u-text-default u-text-1\">Zmiana lokalizacji<\/h1>\n        <img decoding=\"async\" class=\"u-image u-image-default u-image-1\" src=\"https:\/\/www.afirmacjadotykaniola.pl\/wp-content\/uploads\/2026\/02\/598896859_1331613365649786_5989493905858991063_n.jpg\" alt=\"\" data-image-width=\"633\" data-image-height=\"792\">\n        <h3 class=\"u-text u-text-default u-text-palette-2-base u-text-2\">Od&nbsp; 1 Marca 2026<\/h3>\n        <h4 class=\"u-text u-text-3\">ul.&nbsp;&nbsp; STEFANA &nbsp; KISIELEWSKIEGO &nbsp; 18<br>USTONIE&nbsp; 4 &nbsp; ko\u0142o&nbsp; Nowej Verony&nbsp; <br>\n        <\/h4>\n        <h5 class=\"u-text u-text-default u-text-palette-1-base u-text-4\">UPRZEJMIE ZAPRASZAM<\/h5>\n      <\/div>\n    <\/section>\n    <section class=\"u-clearfix u-section-6\" id=\"block-6\">\n      <div class=\"u-clearfix u-sheet u-sheet-1\">\n        <img decoding=\"async\" class=\"u-image u-image-default u-image-1\" src=\"https:\/\/www.afirmacjadotykaniola.pl\/wp-content\/uploads\/2026\/02\/3805a8b673028e936e1020a0b030891afba76d2dd2d582f2151b2d5df6005e024a8d2fb7b4156a0b7dc4fa0f13788a6534a55306b09faed350a310_1280.jpg\" alt=\"\" data-image-width=\"1280\" data-image-height=\"960\">\n        <h2 class=\"u-text u-text-default u-text-1\">\u015awi\u0119to mi\u0142o\u015bci do siebi\u200be i innych<\/h2>\n        <h5 class=\"u-text u-text-default u-text-2\">Walentynki<\/h5>\n        <h5 class=\"u-text u-text-3\"> Elektrokoagulacja - usuwanie w\u0142\u00f3kniak\u00f3w,\nbrodawek , prosak\u00f3w punkt\u00f3w rubinowych<br>zamast 200 z\u0142 promocja 150z\u0142\n        <\/h5>\n        <h3 class=\"u-text u-text-default u-text-4\"><span style=\"font-weight: 700; font-size: 1.5rem;\">Maderoterapia ca\u0142ego cia\u0142a - 250z\u0142 zamiast 60min \/90min<\/span>&nbsp; <br>\n        <\/h3>\n        <h5 class=\"u-text u-text-5\"> Zabieg Por-Cer-Amid Glaze - zamiast 280z\u0142 promocja 200z\u0142<\/h5>\n        <h5 class=\"u-text u-text-6\"> Glass Skin t+s zamiast 250z\u0142 promocja 200z\u0142<\/h5>\n        <h4 class=\"u-text u-text-7\">Oferta ograniczona czasowo do 21.02.26<\/h4>\n      <\/div>\n    <\/section>\n    <section class=\"u-clearfix u-section-7\" id=\"block-5\">\n      <div class=\"u-clearfix u-sheet u-sheet-1\">\n        <img decoding=\"async\" class=\"u-image u-image-default u-image-1\" src=\"https:\/\/www.afirmacjadotykaniola.pl\/wp-content\/uploads\/2025\/12\/5ee507bab91d08b748d5c8e7a1d0e4e8ce84af0a54c22b62d06b75923dcffc54855b11f28052906d73009d58795ec08a432e1f8bec6e763c167dc3_1280.jpg\" alt=\"\" data-image-width=\"1280\" data-image-height=\"853\">\n        <h1 class=\"u-text u-text-1\">SZCZ\u0118\u015aLIWEGO NOWEGO ROKU&nbsp; 2026<\/h1>\n        <h3 class=\"u-text u-text-2\"> Gdy stary rok \nodchodzi, a nowy puka do drzwi, \u017cycz\u0119 Ci, aby\u015b zostawi\u0142\/A za sob\u0105 \nwszystko, co by\u0142o trudne, a z now\u0105 energi\u0105 wkroczy\u0142 w nadchodz\u0105ce \nmiesi\u0105ce. Niech <b>2026<\/b> rok obdaruje Ci\u0119 zdrowiem, pomy\u015blno\u015bci\u0105 finansow\u0105 i nieko\u0144cz\u0105c\u0105 si\u0119 rado\u015bci\u0105. <b>Szcz\u0119\u015bliwego Nowego Roku<\/b>!\n        <\/h3>\n      <\/div>\n    <\/section>\n    <section class=\"u-clearfix u-section-8\" id=\"block-4\">\n      <div class=\"u-clearfix u-sheet u-sheet-1\">\n        <h3 class=\"u-text u-text-default u-text-1\"><span style=\"font-size: 1.5rem;\">&nbsp;<\/span>\n          <br>\n          <br><span style=\"font-size: 1.5rem;\"><span style=\"font-weight: 700;\">w zwi\u0105zku z nadchodz\u0105cymi \u015bwi\u0119tami bo\u017cego narodzenia pragn\u0119 z\u0142o\u017cy\u0107 wam najserdeczniejsze \u017cyczenia.<\/span>\n            <br><\/span>\n          <br>\n          <br>Radosnych ,pe\u0142nych mi\u0142o\u015bci i ciep\u0142a oraz spokoju. Weso\u0142ych \u015bwi\u0105t Bo\u017cego Narodzenia.<br>\u017cyczy w\u0142a\u015bcicielka afirmacja dotyk anio\u0142a anna strzelewicz. \n        <\/h3>\n        <img decoding=\"async\" class=\"u-image u-image-contain u-image-default u-image-1\" src=\"https:\/\/www.afirmacjadotykaniola.pl\/wp-content\/uploads\/2025\/12\/4006debeddf4c4c115f42fd0cb38447642ade8333303a543cf07302f794313eb25442feb31d599d2429ea0a3f496230d53ae59819d6b7b15a3287f_1280.png\" alt=\"\" data-image-width=\"1280\" data-image-height=\"714\">\n        <h5 class=\"u-text u-text-default u-text-2\">W dniach 23.12-28.12 salon nieczynny.<br>Zapraszam od Poniedzia\u0142ku 29.12\n        <\/h5>\n      <\/div>\n    <\/section>\n    <section class=\"u-clearfix u-section-9\" id=\"block-3\">\n      <div class=\"u-clearfix u-sheet u-valign-middle-lg u-valign-middle-md u-valign-middle-sm u-valign-middle-xs u-sheet-1\">\n        <img decoding=\"async\" class=\"u-image u-image-default u-image-1\" src=\"https:\/\/www.afirmacjadotykaniola.pl\/wp-content\/uploads\/2025\/12\/b53ce94d755a3e48c6949d90868fc9bf45ab89a5765411bdad3ae5fede5281f63addd3ef9db8185654ef8f7adde687d978d3d25649438560a57b45_1280.jpg\" alt=\"\" data-image-width=\"848\" data-image-height=\"1280\">\n        <h1 class=\"u-text u-text-default u-text-1\">Last minute<\/h1>\n        <h4 class=\"u-text u-text-default u-text-2\">18-31.12&nbsp; Oferta czasowo ograniczona<\/h4>\n        <h5 class=\"u-text u-text-default u-text-3\">1+1-50%<\/h5>\n        <h5 class=\"u-text u-text-4\">Na wszystkie zabiegi <br>\n        <\/h5>\n        <h4 class=\"u-text u-text-5\"><span style=\"font-weight: 400;\">1+<\/span><span class=\"u-text-body-color\"><span style=\"font-weight: 400;\">1-30%<\/span> &nbsp; Na zestawy kosmetyk\u00f3w<\/span>\n        <\/h4>\n      <\/div>\n    <\/section>\n    <section class=\"u-clearfix u-section-10\" id=\"block-1\">\n      <div class=\"u-clearfix u-sheet u-valign-top-lg u-valign-top-md u-valign-top-sm u-sheet-1\">\n        <img decoding=\"async\" class=\"custom-expanded u-image u-image-default u-image-1\" src=\"https:\/\/www.afirmacjadotykaniola.pl\/wp-content\/uploads\/2025\/10\/masaz-relaksacyjno-aromaterapeutyczny-1.jpg\" alt=\"\" data-image-width=\"1200\" data-image-height=\"797\">\n        <p class=\"u-align-left u-text u-text-1\">Nowo\u015bci :<\/p>\n        <img decoding=\"async\" class=\"custom-expanded u-image u-image-default u-image-2\" src=\"https:\/\/www.afirmacjadotykaniola.pl\/wp-content\/uploads\/2025\/10\/p1.jpg\" alt=\"\" data-image-width=\"1241\" data-image-height=\"1245\">\n        <h2 class=\"u-align-center u-custom-font u-font-lato u-text u-text-2\">Cena - 280 z\u0142<br>\n          <br><span class=\"u-text-custom-color-7\">&nbsp;&nbsp;&nbsp;&nbsp;&nbsp;&nbsp;&nbsp;&nbsp; Promocja <\/span><span class=\"u-text-palette-1-dark-1\">-<\/span><span class=\"u-text-custom-color-7\">200 z\u0142<\/span>\n        <\/h2>\n        <p class=\"u-align-left u-custom-font u-font-lato u-text u-text-3\"><span class=\"u-text-palette-1-dark-1\" style=\"font-weight: 700; font-size: 2.25rem;\">Zabieg Por-Cer-Amid Glaze<\/span><span style=\"font-size: 3rem;\"><\/span>-&nbsp;&nbsp;z efektem glaze , czyli porcelanowej sk\u00f3ry o niezwyk\u0142ej g\u0142adko\u015bci i subtelnym blasku .<br>Dzi\u0119ki unikalnemu kompleksowi ceramid\u00f3w<br>(AS, AP, EOP, NP, NS) oraz lipid\u00f3w : \n        <\/p>\n        <ul class=\"u-align-left u-custom-font u-custom-list u-font-lato u-text u-text-4\">\n          <li>\n            <div class=\"u-list-icon u-list-icon-1\">\n              <svg class=\"u-svg-content\" viewBox=\"0 0 53.867 53.867\" x=\"0px\" y=\"0px\" id=\"svg-37b7\" style=\"enable-background:new 0 0 53.867 53.867;\"><polygon fill=\"currentColor\" points=\"26.934,1.318 35.256,18.182 53.867,20.887 40.4,34.013 43.579,52.549 26.934,43.798 10.288,52.549 13.467,34.013 0,20.887 18.611,18.182 \"><\/polygon><\/svg>\n            <\/div>&nbsp;\u200bintensywnie odbudowuje i wzmacnia barier\u0119 sk\u00f3rn\u0105 \n          <\/li>\n          <li>\n            <div class=\"u-list-icon u-list-icon-2\">\n              <svg class=\"u-svg-content\" viewBox=\"0 0 53.867 53.867\" x=\"0px\" y=\"0px\" id=\"svg-37b7\" style=\"enable-background:new 0 0 53.867 53.867;\"><polygon fill=\"currentColor\" points=\"26.934,1.318 35.256,18.182 53.867,20.887 40.4,34.013 43.579,52.549 26.934,43.798 10.288,52.549 13.467,34.013 0,20.887 18.611,18.182 \"><\/polygon><\/svg>\n            <\/div>&nbsp; <span style=\"color: #111111; background-color: #ffffff;\">przywraca komfort , nawil\u017cenie i jedwabist\u0105 mi\u0119kko\u015b\u0107&nbsp;&nbsp;<\/span>\n          <\/li>\n          <li>\n            <div class=\"u-list-icon u-list-icon-3\">\n              <svg class=\"u-svg-content\" viewBox=\"0 0 53.867 53.867\" x=\"0px\" y=\"0px\" id=\"svg-37b7\" style=\"enable-background:new 0 0 53.867 53.867;\"><polygon fill=\"currentColor\" points=\"26.934,1.318 35.256,18.182 53.867,20.887 40.4,34.013 43.579,52.549 26.934,43.798 10.288,52.549 13.467,34.013 0,20.887 18.611,18.182 \"><\/polygon><\/svg>\n            <\/div> nadaje sk\u00f3rze perfekcyjny porcelain look z efektem glaze \u2013 wolny od oznak przesuszenia i podra\u017cnie\u0144 \n          <\/li>\n        <\/ul>\n        <p class=\"u-align-left u-text u-text-5\"><span style=\"font-size: 2.25rem;\">Cena - 400 z\u0142<br><\/span><span class=\"u-text-palette-1-dark-1\" style=\"font-size: 2.25rem;\">Promocja - 350 z\u0142 <\/span>\n        <\/p>\n        <img decoding=\"async\" class=\"u-image u-image-default u-preserve-proportions u-image-3\" src=\"https:\/\/www.afirmacjadotykaniola.pl\/wp-content\/uploads\/2025\/10\/images.jpg\" alt=\"\" data-image-width=\"220\" data-image-height=\"229\">\n        <p class=\"u-align-left u-text u-text-6\"><span style=\"font-size: 2.25rem; font-weight: 700;\" class=\"u-text-palette-1-dark-1\">NucleVive<\/span><span class=\"u-text-palette-1-dark-1\"><\/span>\n          <br>\u2013<span style=\"font-size: 1.875rem;\"> nowa era stymulacji tkankowej<\/span>\n        <\/p>\n        <p class=\"u-align-left u-text u-text-7\">Innowacyjna terapia mikroig\u0142owa , kt\u00f3ra \u0142\u0105czy moc polinukleotyd\u00f3w , aminokwas\u00f3w, minera\u0142\u00f3w i kwas\u00f3w . To unikalna synergia sk\u0142adnik\u00f3w , kt\u00f3ra : <\/p>\n        <p class=\"u-align-left u-text u-text-8\">* aktywuje procesy samoregeneracji\n                    \n                    \n                      \n                        \n                      \n                    \n                    odbudowuje w\u0142\u00f3kna&nbsp; *kolagenowe\n                    \n                      \n                        \n                      \n                    \n                     poprawia napi\u0119cie i g\u0119sto\u015b\u0107\n                    \n                      \n                        \n                      przywraca m\u0142odzie\u0144cz\u0105 * \u015bwie\u017co\u015b\u0107 i blask\n                    \n                    \n                      \n                        \n                      To wi\u0119cej ni\u017c zabieg \u2013 to impuls do g\u0142\u0119bokiej odnowy sk\u00f3ry . <\/p>\n      <\/div>\n    <\/section>\n    <section class=\"u-clearfix u-section-11\" id=\"block-2\">\n      <div class=\"u-clearfix u-sheet u-sheet-1\"><\/div>\n    <\/section>\n    \n    \n    \n  \n<\/div>","protected":false},"excerpt":{"rendered":"<p>PROMOCJA NA MAJ Masa\u017c Dotyk Anio\u0142a- 1,5 godziny zamiast 300z\u0142&nbsp; promocja 250z\u0142 Lomi Lomi- 1,5 godziny -zamiast 350z\u0142 promocja 300z\u0142( TYLKO DLA KOBIET) Masa\u017c gor\u0105c\u0105 czekolad\u0105&nbsp; choco loko peeling i masa\u017c 1,5 godziny &#8211; zamiast 370z\u0142 -300 Promocje na kwiecie\u0144 Maderoterapia 260z\u0142 promocja 20\u200b0z\u0142 Kobido Body 350z\u0142 promocja 300z\u0142 W\u0119glowe oczyszczanie twarzy 450z\u0142 promocja 400z\u0142 [&hellip;]<\/p>\n","protected":false},"author":1,"featured_media":0,"parent":0,"menu_order":1,"comment_status":"closed","ping_status":"closed","template":"","meta":{"footnotes":""},"class_list":["post-314","page","type-page","status-publish","hentry"],"_links":{"self":[{"href":"https:\/\/www.afirmacjadotykaniola.pl\/index.php?rest_route=\/wp\/v2\/pages\/314","targetHints":{"allow":["GET"]}}],"collection":[{"href":"https:\/\/www.afirmacjadotykaniola.pl\/index.php?rest_route=\/wp\/v2\/pages"}],"about":[{"href":"https:\/\/www.afirmacjadotykaniola.pl\/index.php?rest_route=\/wp\/v2\/types\/page"}],"author":[{"embeddable":true,"href":"https:\/\/www.afirmacjadotykaniola.pl\/index.php?rest_route=\/wp\/v2\/users\/1"}],"replies":[{"embeddable":true,"href":"https:\/\/www.afirmacjadotykaniola.pl\/index.php?rest_route=%2Fwp%2Fv2%2Fcomments&post=314"}],"version-history":[{"count":28,"href":"https:\/\/www.afirmacjadotykaniola.pl\/index.php?rest_route=\/wp\/v2\/pages\/314\/revisions"}],"predecessor-version":[{"id":539,"href":"https:\/\/www.afirmacjadotykaniola.pl\/index.php?rest_route=\/wp\/v2\/pages\/314\/revisions\/539"}],"wp:attachment":[{"href":"https:\/\/www.afirmacjadotykaniola.pl\/index.php?rest_route=%2Fwp%2Fv2%2Fmedia&parent=314"}],"curies":[{"name":"wp","href":"https:\/\/api.w.org\/{rel}","templated":true}]}}